{"id":18,"date":"2025-01-23T12:41:18","date_gmt":"2025-01-23T12:41:18","guid":{"rendered":"https:\/\/taxidemarrakech.com\/?page_id=18"},"modified":"2025-02-13T10:12:19","modified_gmt":"2025-02-13T10:12:19","slug":"blog","status":"publish","type":"page","link":"https:\/\/taxidemarrakech.com\/en\/blog\/","title":{"rendered":"Blog"},"content":{"rendered":"<div data-elementor-type=\"wp-page\" data-elementor-id=\"18\" class=\"elementor elementor-18\" data-elementor-post-type=\"page\">\n\t\t\t\t<div class=\"elementor-element elementor-element-ca0308f e-flex e-con-boxed e-con e-parent\" data-id=\"ca0308f\" data-element_type=\"container\" data-e-type=\"container\" data-settings=\"{&quot;background_background&quot;:&quot;classic&quot;}\">\n\t\t\t\t\t<div class=\"e-con-inner\">\n\t\t\t\t<div class=\"elementor-element elementor-element-6437ac2 elementor-widget elementor-widget-text-editor\" data-id=\"6437ac2\" data-element_type=\"widget\" data-e-type=\"widget\" data-widget_type=\"text-editor.default\">\n\t\t\t\t<div class=\"elementor-widget-container\">\n\t\t\t\t\t\t\t\t\t<p>discover recent travel articles<\/p>\t\t\t\t\t\t\t\t<\/div>\n\t\t\t\t<\/div>\n\t\t\t\t\t<\/div>\n\t\t\t\t<\/div>\n\t\t<div class=\"elementor-element elementor-element-ac64b91 e-flex e-con-boxed e-con e-parent\" data-id=\"ac64b91\" data-element_type=\"container\" data-e-type=\"container\">\n\t\t\t\t\t<div class=\"e-con-inner\">\n\t\t\t\t<div class=\"elementor-element elementor-element-7d0a656 elementor-widget elementor-widget-ucaddon_post_blocks\" data-id=\"7d0a656\" data-element_type=\"widget\" data-e-type=\"widget\" data-widget_type=\"ucaddon_post_blocks.default\">\n\t\t\t\t<div class=\"elementor-widget-container\">\n\t\t\t\t\t\n<!-- start Post Blocks -->\n\t\t<link id='font-awesome-css' href='https:\/\/taxidemarrakech.com\/wp-content\/plugins\/unlimited-elements-for-elementor-premium\/assets_libraries\/font-awesome6\/fontawesome-all.min.css' type='text\/css' rel='stylesheet' >\n\t\t<link id='font-awesome-4-shim-css' href='https:\/\/taxidemarrakech.com\/wp-content\/plugins\/unlimited-elements-for-elementor-premium\/assets_libraries\/font-awesome6\/fontawesome-v4-shims.min.css' type='text\/css' rel='stylesheet' >\n\n<style>\/* widget: Post Blocks *\/\n\n\n\n#uc_post_blocks_elementor_7d0a656 {\n    display:grid;\n}\n#uc_post_blocks_elementor_7d0a656 .ue_post_blocks_box\n{\n  overflow:hidden;\n}\n\n#uc_post_blocks_elementor_7d0a656 .ue_post_blocks_image\n{\n  overflow:hidden;\n}\n#uc_post_blocks_elementor_7d0a656 .ue_post_blocks_image img\n{\n  width:100%;\n  display:block;\n}\n#uc_post_blocks_elementor_7d0a656 .ue_post_blocks_link a\n{\n  display:inline-block;\n  text-decoration:none;\n  text-align:center;\n}\n\n\n#uc_post_blocks_elementor_7d0a656 .ue-grid-item-meta-data\n{\n  display:inlin-flex;\n  flex-wrap: wrap;\n}\n\n.ue-grid-item-meta-data\n{\n  font-size:12px;\n}\n\n#uc_post_blocks_elementor_7d0a656 .ue-grid-item-meta-data-icon\n{\n  line-height:1em;\n}\n\n#uc_post_blocks_elementor_7d0a656 .ue-grid-item-meta-data-icon svg\n{\n  width:1em;\n  height:1em;\n}\n\n#uc_post_blocks_elementor_7d0a656 .ue_post_blocks_box{\n  display: flex;\n  flex-direction: column;\n}\n#uc_post_blocks_elementor_7d0a656 .ue_post_blocks_content{\n display: flex; flex-grow: 1;\n flex-direction: column;\n}\n#uc_post_blocks_elementor_7d0a656 .ue_post_blocks_link{ margin-top: auto;\n}\n\n.ue-grid-item-category a\n{\n  display:inline-block;\n  font-size:10px;\n  text-transform:uppercase;\n}\n\n\n\n\n<\/style>\n\n<div id=\"uc_post_blocks_elementor_7d0a656\" class=\"ue_post_blocks uc-items-wrapper\" >\n    <div class=\"ue_post_blocks_box\">\n    <div class=\"ue_post_blocks_image\">\n    <a href=\"https:\/\/taxidemarrakech.com\/en\/6-conseils-pratiques-pour-se-deplacer-au-maroc\/\" style=\"display:block;\"><img decoding=\"async\" src=\"https:\/\/taxidemarrakech.com\/wp-content\/uploads\/2025\/02\/6-conseils-pratiques-pour-se-deplacer-en-toute-serenite-au-Maroc.webp\"  alt=\"6 practical tips for getting around Morocco\" width=\"1224\" height=\"710\"><\/a>\n  <\/div>\n    <div class=\"ue_post_blocks_content\">\n      \n     \n         \n    <div class=\"ue_post_blocks_title\"><a href=\"https:\/\/taxidemarrakech.com\/en\/6-conseils-pratiques-pour-se-deplacer-au-maroc\/\">6 Practical Tips for Getting Around Morocco with Peace of Mind<\/a><\/div>    \n              <div class=\"ue-grid-item-meta-data\">\n            <div class=\"ue-grid-item-meta-data-date\"><span class=\"ue-grid-item-meta-data-icon\"><i class='fas fa-calendar-week'><\/i><\/span> February 13, 2025<\/div>                    \t  \n    \t<\/div>\n         \n    \n    <div class=\"ue_post_blocks_text\">Morocco is a country with a thousand facets, offering varied landscapes ranging from the beaches of the Atlantic...<\/div>        \t<div class=\"ue_post_blocks_link\">\n          <a class=\"\" href='https:\/\/taxidemarrakech.com\/en\/6-conseils-pratiques-pour-se-deplacer-au-maroc\/'>Read More<\/a>\n    \t<\/div>\n      <\/div>\n<\/div>\n<div class=\"ue_post_blocks_box\">\n    <div class=\"ue_post_blocks_image\">\n    <a href=\"https:\/\/taxidemarrakech.com\/en\/les-meilleures-destinations-touristiques-au-maroc\/\" style=\"display:block;\"><img loading=\"lazy\" decoding=\"async\" src=\"https:\/\/taxidemarrakech.com\/wp-content\/uploads\/2025\/02\/Les-Meilleures-Destinations-Touristiques-au-Maroc-.webp\"  alt=\"The Best Tourist Destinations in Morocco\" width=\"1224\" height=\"710\"><\/a>\n  <\/div>\n    <div class=\"ue_post_blocks_content\">\n      \n     \n         \n    <div class=\"ue_post_blocks_title\"><a href=\"https:\/\/taxidemarrakech.com\/en\/les-meilleures-destinations-touristiques-au-maroc\/\">Best Tourist Destinations in Morocco: Explore the Kingdom with Marrakech Taxi<\/a><\/div>    \n              <div class=\"ue-grid-item-meta-data\">\n            <div class=\"ue-grid-item-meta-data-date\"><span class=\"ue-grid-item-meta-data-icon\"><i class='fas fa-calendar-week'><\/i><\/span> February 13, 2025<\/div>                    \t  \n    \t<\/div>\n         \n    \n    <div class=\"ue_post_blocks_text\">Morocco is a dream destination for travelers in search of varied landscapes, fascinating history...<\/div>        \t<div class=\"ue_post_blocks_link\">\n          <a class=\"\" href='https:\/\/taxidemarrakech.com\/en\/les-meilleures-destinations-touristiques-au-maroc\/'>Read More<\/a>\n    \t<\/div>\n      <\/div>\n<\/div>\n<div class=\"ue_post_blocks_box\">\n    <div class=\"ue_post_blocks_image\">\n    <a href=\"https:\/\/taxidemarrakech.com\/en\/voyager-en-toute-securite-en-taxi-de-marrakech-a-essaouira\/\" style=\"display:block;\"><img loading=\"lazy\" decoding=\"async\" src=\"https:\/\/taxidemarrakech.com\/wp-content\/uploads\/2025\/01\/Voyager-en-toute-securite-en-taxi-de-Marrakech-a-Essaouira.webp\"  alt=\"Travel safely by taxi from Marrakech to Essaouira\" width=\"1224\" height=\"710\"><\/a>\n  <\/div>\n    <div class=\"ue_post_blocks_content\">\n      \n     \n         \n    <div class=\"ue_post_blocks_title\"><a href=\"https:\/\/taxidemarrakech.com\/en\/voyager-en-toute-securite-en-taxi-de-marrakech-a-essaouira\/\">Traveling Safely by Taxi from Marrakech to Essaouira: What You Need to Know<\/a><\/div>    \n              <div class=\"ue-grid-item-meta-data\">\n            <div class=\"ue-grid-item-meta-data-date\"><span class=\"ue-grid-item-meta-data-icon\"><i class='fas fa-calendar-week'><\/i><\/span> January 31, 2025<\/div>                    \t  \n    \t<\/div>\n         \n    \n    <div class=\"ue_post_blocks_text\">A safe and comfortable Marrakech Essaouira transfer Traveling between Marrakech and Essaouira is an experience...<\/div>        \t<div class=\"ue_post_blocks_link\">\n          <a class=\"\" href='https:\/\/taxidemarrakech.com\/en\/voyager-en-toute-securite-en-taxi-de-marrakech-a-essaouira\/'>Read More<\/a>\n    \t<\/div>\n      <\/div>\n<\/div>\n\n<\/div>\n<!-- end Post Blocks -->\t\t\t\t<\/div>\n\t\t\t\t<\/div>\n\t\t\t\t\t<\/div>\n\t\t\t\t<\/div>\n\t\t\t\t<\/div>","protected":false},"excerpt":{"rendered":"<p>d\u00e9couvrez les articles de voyage r\u00e9cents Voyager en toute s\u00e9curit\u00e9 en taxi de Marrakech \u00e0 Essaouira : Ce que vous devez savoir janvier 31, 2025 Un transfert Marrakech Essaouira s\u00fbr et confortable Voyager entre Marrakech et Essaouira est une exp\u00e9rience&#8230; Read More<\/p>","protected":false},"author":1,"featured_media":0,"parent":0,"menu_order":0,"comment_status":"closed","ping_status":"closed","template":"","meta":{"footnotes":""},"class_list":["post-18","page","type-page","status-publish","hentry"],"_links":{"self":[{"href":"https:\/\/taxidemarrakech.com\/en\/wp-json\/wp\/v2\/pages\/18","targetHints":{"allow":["GET"]}}],"collection":[{"href":"https:\/\/taxidemarrakech.com\/en\/wp-json\/wp\/v2\/pages"}],"about":[{"href":"https:\/\/taxidemarrakech.com\/en\/wp-json\/wp\/v2\/types\/page"}],"author":[{"embeddable":true,"href":"https:\/\/taxidemarrakech.com\/en\/wp-json\/wp\/v2\/users\/1"}],"replies":[{"embeddable":true,"href":"https:\/\/taxidemarrakech.com\/en\/wp-json\/wp\/v2\/comments?post=18"}],"version-history":[{"count":0,"href":"https:\/\/taxidemarrakech.com\/en\/wp-json\/wp\/v2\/pages\/18\/revisions"}],"wp:attachment":[{"href":"https:\/\/taxidemarrakech.com\/en\/wp-json\/wp\/v2\/media?parent=18"}],"curies":[{"name":"wp","href":"https:\/\/api.w.org\/{rel}","templated":true}]}}