{"id":498,"date":"2025-01-29T13:59:37","date_gmt":"2025-01-29T13:59:37","guid":{"rendered":"https:\/\/taxidemarrakech.com\/?page_id=498"},"modified":"2025-02-13T19:39:30","modified_gmt":"2025-02-13T19:39:30","slug":"marrakech","status":"publish","type":"page","link":"https:\/\/taxidemarrakech.com\/en\/marrakech\/","title":{"rendered":"Marrakech"},"content":{"rendered":"<div data-elementor-type=\"wp-page\" data-elementor-id=\"498\" class=\"elementor elementor-498\" data-elementor-post-type=\"page\">\n\t\t\t\t<div class=\"elementor-element elementor-element-c0ba830 e-flex e-con-boxed e-con e-parent\" data-id=\"c0ba830\" data-element_type=\"container\" data-e-type=\"container\" data-settings=\"{&quot;background_background&quot;:&quot;classic&quot;}\">\n\t\t\t\t\t<div class=\"e-con-inner\">\n\t\t\t\t<div class=\"elementor-element elementor-element-c39cd53 elementor-widget__width-initial elementor-widget elementor-widget-text-editor\" data-id=\"c39cd53\" data-element_type=\"widget\" data-e-type=\"widget\" data-widget_type=\"text-editor.default\">\n\t\t\t\t<div class=\"elementor-widget-container\">\n\t\t\t\t\t\t\t\t\t<p>Start from <span style=\"color: #ffffff;\"><strong>Marrakech<\/strong> <\/span>to Essaouira, Casablanca, Agadir, Ouarzazate and more with a transport service <span style=\"color: #ffffff;\"><strong>reliable private<\/strong><\/span>, <strong><span style=\"color: #ffffff;\">comfortable and secure.<\/span><\/strong> Book now!<\/p>\t\t\t\t\t\t\t\t<\/div>\n\t\t\t\t<\/div>\n\t\t\t\t\t<\/div>\n\t\t\t\t<\/div>\n\t\t<div class=\"elementor-element elementor-element-7936b55 e-flex e-con-boxed e-con e-parent\" data-id=\"7936b55\" data-element_type=\"container\" data-e-type=\"container\">\n\t\t\t\t\t<div class=\"e-con-inner\">\n\t\t\t\t<div class=\"elementor-element elementor-element-8c3e5ff elementor-widget elementor-widget-global elementor-global-25224 elementor-widget-html\" data-id=\"8c3e5ff\" data-element_type=\"widget\" data-e-type=\"widget\" data-widget_type=\"html.default\">\n\t\t\t\t<div class=\"elementor-widget-container\">\n\t\t\t\t\t <div class=\"destination-container\">\r\n      <div class=\"travel-card\">\r\n        <img decoding=\"async\"\r\n          src=\"https:\/\/taxidemarrakech.com\/wp-content\/uploads\/2025\/01\/essaouira.webp\"\r\n          alt=\"Essaouira\"\r\n          class=\"card-image\"\r\n        \/>\r\n        <div class=\"card-content\">\r\n         <div class=\"route\">\r\n  <span>Marrakech<\/span>\r\n  <div class=\"route-line\">\r\n    <span class=\"dot\"><\/span>\r\n    <span class=\"line\"><\/span>\r\n    <span class=\"dot\"><\/span>\r\n  <\/div>\r\n  <span>Essaouira<\/span>\r\n<\/div>\r\n\r\n          <div class=\"details\">\r\n            <div class=\"detail-item\">\r\n              <div class=\"detail-label\">Distance<\/div>\r\n              <div class=\"detail-value\">177 km<\/div>\r\n            <\/div>\r\n            <div class=\"detail-item\">\r\n              <div class=\"detail-label\">Duration<\/div>\r\n              <div class=\"detail-value\">2h45<\/div>\r\n            <\/div>\r\n            <div class=\"detail-item\">\r\n              <div class=\"detail-label\">Prices from<\/div>\r\n              <div class=\"detail-value\">70 Euro<\/div>\r\n            <\/div>\r\n          <\/div>\r\n          <a href=\"https:\/\/taxidemarrakech.com\/en\/marrakech-essaouira-taxi\/\" class=\"book-button\">Book now<\/a>\r\n        <\/div>\r\n      <\/div>\r\n      <div class=\"travel-card\">\r\n        <img decoding=\"async\"\r\n          src=\"https:\/\/taxidemarrakech.com\/wp-content\/uploads\/2025\/01\/agadir.webp\"\r\n          alt=\"Agadir\"\r\n          class=\"card-image\"\r\n        \/>\r\n        <div class=\"card-content\">\r\n         <div class=\"route\">\r\n  <span>Marrakech<\/span>\r\n  <div class=\"route-line\">\r\n    <span class=\"dot\"><\/span>\r\n    <span class=\"line\"><\/span>\r\n    <span class=\"dot\"><\/span>\r\n  <\/div>\r\n  <span>Agadir<\/span>\r\n<\/div>\r\n\r\n          <div class=\"details\">\r\n            <div class=\"detail-item\">\r\n              <div class=\"detail-label\">Distance<\/div>\r\n              <div class=\"detail-value\">250 km<\/div>\r\n            <\/div>\r\n            <div class=\"detail-item\">\r\n              <div class=\"detail-label\">Duration<\/div>\r\n              <div class=\"detail-value\">3:30 a.m.<\/div>\r\n            <\/div>\r\n            <div class=\"detail-item\">\r\n              <div class=\"detail-label\">Prices from<\/div>\r\n              <div class=\"detail-value\">110 Euro<\/div>\r\n            <\/div>\r\n          <\/div>\r\n          <a href=\"https:\/\/taxidemarrakech.com\/en\/marrakech-agadir-taxi\/\" class=\"book-button\">Book now<\/a>\r\n        <\/div>\r\n      <\/div>\r\n      <div class=\"travel-card\">\r\n        <img decoding=\"async\"\r\n          src=\"https:\/\/taxidemarrakech.com\/wp-content\/uploads\/2025\/01\/casablanca.webp\"\r\n          alt=\"Casablanca\"\r\n          class=\"card-image\"\r\n        \/>\r\n        <div class=\"card-content\">\r\n         <div class=\"route\">\r\n  <span>Marrakech<\/span>\r\n  <div class=\"route-line\">\r\n    <span class=\"dot\"><\/span>\r\n    <span class=\"line\"><\/span>\r\n    <span class=\"dot\"><\/span>\r\n  <\/div>\r\n  <span>Casablanca<\/span>\r\n<\/div>\r\n\r\n          <div class=\"details\">\r\n            <div class=\"detail-item\">\r\n              <div class=\"detail-label\">Distance<\/div>\r\n              <div class=\"detail-value\">240 km<\/div>\r\n            <\/div>\r\n            <div class=\"detail-item\">\r\n              <div class=\"detail-label\">Duration<\/div>\r\n              <div class=\"detail-value\">2h45<\/div>\r\n            <\/div>\r\n            <div class=\"detail-item\">\r\n              <div class=\"detail-label\">Prices from<\/div>\r\n              <div class=\"detail-value\">140 Euro<\/div>\r\n            <\/div>\r\n          <\/div>\r\n          <a href=\"https:\/\/taxidemarrakech.com\/en\/marrakech-casablanca-taxi\/\" class=\"book-button\">Book now<\/a>\r\n        <\/div>\r\n      <\/div>\r\n    <\/div>\t\t\t\t<\/div>\n\t\t\t\t<\/div>\n\t\t\t\t\t<\/div>\n\t\t\t\t<\/div>\n\t\t\t\t<\/div>","protected":false},"excerpt":{"rendered":"<p>Partez de Marrakech vers Essaouira, Casablanca, Agadir, Ouarzazate et plus encore avec un service de transport priv\u00e9 fiable, confortable et s\u00e9curis\u00e9. R\u00e9servez d\u00e8s maintenant ! Marrakech Essaouira Distance 177 km Dur\u00e9e 2h45 Prix \u00e0 partir de 70 Euro R\u00e9server maintenant Marrakech Agadir Distance 250 km Dur\u00e9e 3h30 Prix \u00e0 partir de 110 Euro R\u00e9server maintenant [&hellip;]<\/p>\n","protected":false},"author":1,"featured_media":355,"parent":0,"menu_order":0,"comment_status":"closed","ping_status":"closed","template":"","meta":{"footnotes":""},"class_list":["post-498","page","type-page","status-publish","has-post-thumbnail","hentry"],"_links":{"self":[{"href":"https:\/\/taxidemarrakech.com\/en\/wp-json\/wp\/v2\/pages\/498","targetHints":{"allow":["GET"]}}],"collection":[{"href":"https:\/\/taxidemarrakech.com\/en\/wp-json\/wp\/v2\/pages"}],"about":[{"href":"https:\/\/taxidemarrakech.com\/en\/wp-json\/wp\/v2\/types\/page"}],"author":[{"embeddable":true,"href":"https:\/\/taxidemarrakech.com\/en\/wp-json\/wp\/v2\/users\/1"}],"replies":[{"embeddable":true,"href":"https:\/\/taxidemarrakech.com\/en\/wp-json\/wp\/v2\/comments?post=498"}],"version-history":[{"count":0,"href":"https:\/\/taxidemarrakech.com\/en\/wp-json\/wp\/v2\/pages\/498\/revisions"}],"wp:featuredmedia":[{"embeddable":true,"href":"https:\/\/taxidemarrakech.com\/en\/wp-json\/wp\/v2\/media\/355"}],"wp:attachment":[{"href":"https:\/\/taxidemarrakech.com\/en\/wp-json\/wp\/v2\/media?parent=498"}],"curies":[{"name":"wp","href":"https:\/\/api.w.org\/{rel}","templated":true}]}}