{"id":558,"date":"2025-01-29T15:33:27","date_gmt":"2025-01-29T15:33:27","guid":{"rendered":"https:\/\/taxidemarrakech.com\/?page_id=558"},"modified":"2025-02-13T19:38:58","modified_gmt":"2025-02-13T19:38:58","slug":"essaouira","status":"publish","type":"page","link":"https:\/\/taxidemarrakech.com\/en\/essaouira\/","title":{"rendered":"Essaouira"},"content":{"rendered":"<div data-elementor-type=\"wp-page\" data-elementor-id=\"558\" class=\"elementor elementor-558\" data-elementor-post-type=\"page\">\n\t\t\t\t<div class=\"elementor-element elementor-element-c0ba830 e-flex e-con-boxed e-con e-parent\" data-id=\"c0ba830\" data-element_type=\"container\" data-e-type=\"container\" data-settings=\"{&quot;background_background&quot;:&quot;classic&quot;}\">\n\t\t\t\t\t<div class=\"e-con-inner\">\n\t\t\t\t<div class=\"elementor-element elementor-element-c39cd53 elementor-widget__width-initial elementor-widget elementor-widget-text-editor\" data-id=\"c39cd53\" data-element_type=\"widget\" data-e-type=\"widget\" data-widget_type=\"text-editor.default\">\n\t\t\t\t<div class=\"elementor-widget-container\">\n\t\t\t\t\t\t\t\t\t<p>Partez d&rsquo;<span style=\"color: #ffffff;\"><strong>Essaouira<\/strong><\/span> vers <strong>Marrakech, Casablanca, Agadir, Ouarzazate<\/strong> et bien d&rsquo;autres destinations avec un service de transport priv\u00e9 <strong><span style=\"color: #ffffff;\">fiable<\/span>, <span style=\"color: #ffffff;\">comfortable<\/span> And <span style=\"color: #ffffff;\">secure<\/span><\/strong>. Profitez d&rsquo;un trajet en toute s\u00e9r\u00e9nit\u00e9 et <strong>r\u00e9servez d\u00e8s maintenant !\u00a0<\/strong><\/p>\t\t\t\t\t\t\t\t<\/div>\n\t\t\t\t<\/div>\n\t\t\t\t\t<\/div>\n\t\t\t\t<\/div>\n\t\t<div class=\"elementor-element elementor-element-d16d9bf e-flex e-con-boxed e-con e-parent\" data-id=\"d16d9bf\" data-element_type=\"container\" data-e-type=\"container\">\n\t\t\t\t\t<div class=\"e-con-inner\">\n\t\t\t\t<div class=\"elementor-element elementor-element-d0fd763 elementor-widget elementor-widget-global elementor-global-25218 elementor-widget-html\" data-id=\"d0fd763\" data-element_type=\"widget\" data-e-type=\"widget\" data-widget_type=\"html.default\">\n\t\t\t\t<div class=\"elementor-widget-container\">\n\t\t\t\t\t <div class=\"destination-container\">\r\n      <div class=\"travel-card\">\r\n        <img decoding=\"async\"\r\n          src=\"https:\/\/taxidemarrakech.com\/wp-content\/uploads\/2025\/01\/essaouira-marrakech.webp\"\r\n          alt=\"Marrakech\"\r\n          class=\"card-image\"\r\n        \/>\r\n        <div class=\"card-content\">\r\n         <div class=\"route\">\r\n  <span>Essaouira<\/span>\r\n  <div class=\"route-line\">\r\n    <span class=\"dot\"><\/span>\r\n    <span class=\"line\"><\/span>\r\n    <span class=\"dot\"><\/span>\r\n  <\/div>\r\n  <span>Marrakech<\/span>\r\n<\/div>\r\n\r\n          <div class=\"details\">\r\n            <div class=\"detail-item\">\r\n              <div class=\"detail-label\">Distance<\/div>\r\n              <div class=\"detail-value\">177 km<\/div>\r\n            <\/div>\r\n            <div class=\"detail-item\">\r\n              <div class=\"detail-label\">Duration<\/div>\r\n              <div class=\"detail-value\">2h45<\/div>\r\n            <\/div>\r\n            <div class=\"detail-item\">\r\n              <div class=\"detail-label\">Prices from<\/div>\r\n              <div class=\"detail-value\">70 Euro<\/div>\r\n            <\/div>\r\n          <\/div>\r\n          <a href=\"https:\/\/taxidemarrakech.com\/en\/essaouira-marrakech-taxi\/\" class=\"book-button\">Book now<\/a>\r\n        <\/div>\r\n      <\/div>\r\n      <div class=\"travel-card\">\r\n        <img decoding=\"async\"\r\n          src=\"https:\/\/taxidemarrakech.com\/wp-content\/uploads\/2025\/01\/essaouira-agadir.webp\"\r\n          alt=\"Agadir\"\r\n          class=\"card-image\"\r\n        \/>\r\n        <div class=\"card-content\">\r\n         <div class=\"route\">\r\n  <span>Essaouira<\/span>\r\n  <div class=\"route-line\">\r\n    <span class=\"dot\"><\/span>\r\n    <span class=\"line\"><\/span>\r\n    <span class=\"dot\"><\/span>\r\n  <\/div>\r\n  <span>Agadir<\/span>\r\n<\/div>\r\n\r\n          <div class=\"details\">\r\n            <div class=\"detail-item\">\r\n              <div class=\"detail-label\">Distance<\/div>\r\n              <div class=\"detail-value\">185 km<\/div>\r\n            <\/div>\r\n            <div class=\"detail-item\">\r\n              <div class=\"detail-label\">Duration<\/div>\r\n              <div class=\"detail-value\">3:30 a.m.<\/div>\r\n            <\/div>\r\n            <div class=\"detail-item\">\r\n              <div class=\"detail-label\">Prices from<\/div>\r\n              <div class=\"detail-value\">70 Euro<\/div>\r\n            <\/div>\r\n          <\/div>\r\n          <a href=\"https:\/\/taxidemarrakech.com\/en\/essaouira-agadir-taxi\/\" class=\"book-button\">Book now<\/a>\r\n        <\/div>\r\n      <\/div>\r\n      <div class=\"travel-card\">\r\n        <img decoding=\"async\"\r\n          src=\"https:\/\/taxidemarrakech.com\/wp-content\/uploads\/2025\/01\/essaouira-casablanca.webp\"\r\n          alt=\"Casablanca\"\r\n          class=\"card-image\"\r\n        \/>\r\n        <div class=\"card-content\">\r\n         <div class=\"route\">\r\n  <span>Essaouira<\/span>\r\n  <div class=\"route-line\">\r\n    <span class=\"dot\"><\/span>\r\n    <span class=\"line\"><\/span>\r\n    <span class=\"dot\"><\/span>\r\n  <\/div>\r\n  <span>Casablanca<\/span>\r\n<\/div>\r\n\r\n          <div class=\"details\">\r\n            <div class=\"detail-item\">\r\n              <div class=\"detail-label\">Distance<\/div>\r\n              <div class=\"detail-value\">377 km<\/div>\r\n            <\/div>\r\n            <div class=\"detail-item\">\r\n              <div class=\"detail-label\">Duration<\/div>\r\n              <div class=\"detail-value\">4:30 a.m.<\/div>\r\n            <\/div>\r\n            <div class=\"detail-item\">\r\n              <div class=\"detail-label\">Prices from<\/div>\r\n              <div class=\"detail-value\">180 Euro<\/div>\r\n            <\/div>\r\n          <\/div>\r\n          <a href=\"https:\/\/taxidemarrakech.com\/en\/essaouira-casablanca-taxi\/\" class=\"book-button\">Book now<\/a>\r\n        <\/div>\r\n      <\/div>\r\n    <\/div>\t\t\t\t<\/div>\n\t\t\t\t<\/div>\n\t\t\t\t\t<\/div>\n\t\t\t\t<\/div>\n\t\t\t\t<\/div>","protected":false},"excerpt":{"rendered":"<p>Partez d&rsquo;Essaouira vers Marrakech, Casablanca, Agadir, Ouarzazate et bien d&rsquo;autres destinations avec un service de transport priv\u00e9 fiable, confortable et s\u00e9curis\u00e9. Profitez d&rsquo;un trajet en toute s\u00e9r\u00e9nit\u00e9 et r\u00e9servez d\u00e8s maintenant !\u00a0 Essaouira Marrakech Distance 177 km Dur\u00e9e 2h45 Prix \u00e0 partir de 70 Euro R\u00e9server maintenant Essaouira Agadir Distance 185 km Dur\u00e9e 3h30 Prix [&hellip;]<\/p>\n","protected":false},"author":1,"featured_media":354,"parent":0,"menu_order":0,"comment_status":"closed","ping_status":"closed","template":"","meta":{"footnotes":""},"class_list":["post-558","page","type-page","status-publish","has-post-thumbnail","hentry"],"_links":{"self":[{"href":"https:\/\/taxidemarrakech.com\/en\/wp-json\/wp\/v2\/pages\/558","targetHints":{"allow":["GET"]}}],"collection":[{"href":"https:\/\/taxidemarrakech.com\/en\/wp-json\/wp\/v2\/pages"}],"about":[{"href":"https:\/\/taxidemarrakech.com\/en\/wp-json\/wp\/v2\/types\/page"}],"author":[{"embeddable":true,"href":"https:\/\/taxidemarrakech.com\/en\/wp-json\/wp\/v2\/users\/1"}],"replies":[{"embeddable":true,"href":"https:\/\/taxidemarrakech.com\/en\/wp-json\/wp\/v2\/comments?post=558"}],"version-history":[{"count":0,"href":"https:\/\/taxidemarrakech.com\/en\/wp-json\/wp\/v2\/pages\/558\/revisions"}],"wp:featuredmedia":[{"embeddable":true,"href":"https:\/\/taxidemarrakech.com\/en\/wp-json\/wp\/v2\/media\/354"}],"wp:attachment":[{"href":"https:\/\/taxidemarrakech.com\/en\/wp-json\/wp\/v2\/media?parent=558"}],"curies":[{"name":"wp","href":"https:\/\/api.w.org\/{rel}","templated":true}]}}