{"id":603,"date":"2025-01-29T16:23:13","date_gmt":"2025-01-29T16:23:13","guid":{"rendered":"https:\/\/taxidemarrakech.com\/?page_id=603"},"modified":"2025-02-13T19:37:33","modified_gmt":"2025-02-13T19:37:33","slug":"agadir","status":"publish","type":"page","link":"https:\/\/taxidemarrakech.com\/en\/agadir\/","title":{"rendered":"Agadir"},"content":{"rendered":"<div data-elementor-type=\"wp-page\" data-elementor-id=\"603\" class=\"elementor elementor-603\" data-elementor-post-type=\"page\">\n\t\t\t\t<div class=\"elementor-element elementor-element-c0ba830 e-flex e-con-boxed e-con e-parent\" data-id=\"c0ba830\" data-element_type=\"container\" data-e-type=\"container\" data-settings=\"{&quot;background_background&quot;:&quot;classic&quot;}\">\n\t\t\t\t\t<div class=\"e-con-inner\">\n\t\t\t\t<div class=\"elementor-element elementor-element-c39cd53 elementor-widget__width-initial elementor-widget elementor-widget-text-editor\" data-id=\"c39cd53\" data-element_type=\"widget\" data-e-type=\"widget\" data-widget_type=\"text-editor.default\">\n\t\t\t\t<div class=\"elementor-widget-container\">\n\t\t\t\t\t\t\t\t\t<p>D\u00e9couvrez <span style=\"color: #ffffff;\"><strong>Agadir<\/strong> <\/span>et partez en toute s\u00e9r\u00e9nit\u00e9 vers Marrakech, Essaouira, Casablanca, Ouarzazate et bien d&rsquo;autres destinations gr\u00e2ce \u00e0 notre service de transport <span style=\"color: #ffffff;\"><strong>priv\u00e9<\/strong><\/span>, <span style=\"color: #ffffff;\"><strong>secure<\/strong> <\/span>And <span style=\"color: #ffffff;\"><strong>comfortable<\/strong><\/span>. <span style=\"color: #ffffff;\"><strong>Book<\/strong> <\/span>votre trajet d\u00e8s maintenant !<\/p>\t\t\t\t\t\t\t\t<\/div>\n\t\t\t\t<\/div>\n\t\t\t\t\t<\/div>\n\t\t\t\t<\/div>\n\t\t<div class=\"elementor-element elementor-element-d16d9bf e-flex e-con-boxed e-con e-parent\" data-id=\"d16d9bf\" data-element_type=\"container\" data-e-type=\"container\">\n\t\t\t\t\t<div class=\"e-con-inner\">\n\t\t\t\t<div class=\"elementor-element elementor-element-756c0ac elementor-widget elementor-widget-global elementor-global-25206 elementor-widget-html\" data-id=\"756c0ac\" data-element_type=\"widget\" data-e-type=\"widget\" data-widget_type=\"html.default\">\n\t\t\t\t<div class=\"elementor-widget-container\">\n\t\t\t\t\t <div class=\"destination-container\">\r\n      <div class=\"travel-card\">\r\n        <img decoding=\"async\"\r\n          src=\"https:\/\/taxidemarrakech.com\/wp-content\/uploads\/2025\/01\/marrakech.webp\"\r\n          alt=\"Marrakech\"\r\n          class=\"card-image\"\r\n        \/>\r\n        <div class=\"card-content\">\r\n         <div class=\"route\">\r\n  <span>Agadir<\/span>\r\n  <div class=\"route-line\">\r\n    <span class=\"dot\"><\/span>\r\n    <span class=\"line\"><\/span>\r\n    <span class=\"dot\"><\/span>\r\n  <\/div>\r\n  <span>Marrakech<\/span>\r\n<\/div>\r\n\r\n          <div class=\"details\">\r\n            <div class=\"detail-item\">\r\n              <div class=\"detail-label\">Distance<\/div>\r\n              <div class=\"detail-value\">250 km<\/div>\r\n            <\/div>\r\n            <div class=\"detail-item\">\r\n              <div class=\"detail-label\">Duration<\/div>\r\n              <div class=\"detail-value\">3:30 a.m.<\/div>\r\n            <\/div>\r\n            <div class=\"detail-item\">\r\n              <div class=\"detail-label\">Prices from<\/div>\r\n              <div class=\"detail-value\">110 Euro<\/div>\r\n            <\/div>\r\n          <\/div>\r\n          <a href=\"https:\/\/taxidemarrakech.com\/en\/agadir-marrakech-taxi\/\" class=\"book-button\">Book now<\/a>\r\n        <\/div>\r\n      <\/div>\r\n      <div class=\"travel-card\">\r\n        <img decoding=\"async\"\r\n          src=\"https:\/\/taxidemarrakech.com\/wp-content\/uploads\/2025\/01\/essaouira.webp\"\r\n          alt=\"Essaouira\"\r\n          class=\"card-image\"\r\n        \/>\r\n        <div class=\"card-content\">\r\n         <div class=\"route\">\r\n  <span>Agadir<\/span>\r\n  <div class=\"route-line\">\r\n    <span class=\"dot\"><\/span>\r\n    <span class=\"line\"><\/span>\r\n    <span class=\"dot\"><\/span>\r\n  <\/div>\r\n  <span>Essaouira<\/span>\r\n<\/div>\r\n\r\n          <div class=\"details\">\r\n            <div class=\"detail-item\">\r\n              <div class=\"detail-label\">Distance<\/div>\r\n              <div class=\"detail-value\">185 km<\/div>\r\n            <\/div>\r\n            <div class=\"detail-item\">\r\n              <div class=\"detail-label\">Duration<\/div>\r\n              <div class=\"detail-value\">3:30 a.m.<\/div>\r\n            <\/div>\r\n            <div class=\"detail-item\">\r\n              <div class=\"detail-label\">Prices from<\/div>\r\n              <div class=\"detail-value\">70 Euro<\/div>\r\n            <\/div>\r\n          <\/div>\r\n          <a href=\"https:\/\/taxidemarrakech.com\/en\/agadir-essaouira-taxi\/\" class=\"book-button\">Book now<\/a>\r\n        <\/div>\r\n      <\/div>\r\n      <div class=\"travel-card\">\r\n        <img decoding=\"async\"\r\n          src=\"https:\/\/taxidemarrakech.com\/wp-content\/uploads\/2025\/01\/casablanca.webp\"\r\n          alt=\"Casablanca\"\r\n          class=\"card-image\"\r\n        \/>\r\n        <div class=\"card-content\">\r\n         <div class=\"route\">\r\n  <span>Agadir<\/span>\r\n  <div class=\"route-line\">\r\n    <span class=\"dot\"><\/span>\r\n    <span class=\"line\"><\/span>\r\n    <span class=\"dot\"><\/span>\r\n  <\/div>\r\n  <span>Casablanca<\/span>\r\n<\/div>\r\n\r\n          <div class=\"details\">\r\n            <div class=\"detail-item\">\r\n              <div class=\"detail-label\">Distance<\/div>\r\n              <div class=\"detail-value\">467 km<\/div>\r\n            <\/div>\r\n            <div class=\"detail-item\">\r\n              <div class=\"detail-label\">Duration<\/div>\r\n              <div class=\"detail-value\">4:50<\/div>\r\n            <\/div>\r\n            <div class=\"detail-item\">\r\n              <div class=\"detail-label\">Prices from<\/div>\r\n              <div class=\"detail-value\">190 Euro<\/div>\r\n            <\/div>\r\n          <\/div>\r\n          <a href=\"https:\/\/taxidemarrakech.com\/en\/agadir-casablanca-taxi\/\" class=\"book-button\">Book now<\/a>\r\n        <\/div>\r\n      <\/div>\r\n    <\/div>\t\t\t\t<\/div>\n\t\t\t\t<\/div>\n\t\t\t\t\t<\/div>\n\t\t\t\t<\/div>\n\t\t\t\t<\/div>","protected":false},"excerpt":{"rendered":"<p>D\u00e9couvrez Agadir et partez en toute s\u00e9r\u00e9nit\u00e9 vers Marrakech, Essaouira, Casablanca, Ouarzazate et bien d&rsquo;autres destinations gr\u00e2ce \u00e0 notre service de transport priv\u00e9, s\u00e9curis\u00e9 et confortable. R\u00e9servez votre trajet d\u00e8s maintenant ! Agadir Marrakech Distance 250 km Dur\u00e9e 3h30 Prix \u00e0 partir de 110 Euro R\u00e9server maintenant Agadir Essaouira Distance 185 km Dur\u00e9e 3h30 Prix [&hellip;]<\/p>\n","protected":false},"author":1,"featured_media":601,"parent":0,"menu_order":0,"comment_status":"closed","ping_status":"closed","template":"","meta":{"footnotes":""},"class_list":["post-603","page","type-page","status-publish","has-post-thumbnail","hentry"],"_links":{"self":[{"href":"https:\/\/taxidemarrakech.com\/en\/wp-json\/wp\/v2\/pages\/603","targetHints":{"allow":["GET"]}}],"collection":[{"href":"https:\/\/taxidemarrakech.com\/en\/wp-json\/wp\/v2\/pages"}],"about":[{"href":"https:\/\/taxidemarrakech.com\/en\/wp-json\/wp\/v2\/types\/page"}],"author":[{"embeddable":true,"href":"https:\/\/taxidemarrakech.com\/en\/wp-json\/wp\/v2\/users\/1"}],"replies":[{"embeddable":true,"href":"https:\/\/taxidemarrakech.com\/en\/wp-json\/wp\/v2\/comments?post=603"}],"version-history":[{"count":0,"href":"https:\/\/taxidemarrakech.com\/en\/wp-json\/wp\/v2\/pages\/603\/revisions"}],"wp:featuredmedia":[{"embeddable":true,"href":"https:\/\/taxidemarrakech.com\/en\/wp-json\/wp\/v2\/media\/601"}],"wp:attachment":[{"href":"https:\/\/taxidemarrakech.com\/en\/wp-json\/wp\/v2\/media?parent=603"}],"curies":[{"name":"wp","href":"https:\/\/api.w.org\/{rel}","templated":true}]}}