{"id":626,"date":"2025-01-29T16:42:56","date_gmt":"2025-01-29T16:42:56","guid":{"rendered":"https:\/\/taxidemarrakech.com\/?page_id=626"},"modified":"2025-02-13T19:38:26","modified_gmt":"2025-02-13T19:38:26","slug":"casablanca","status":"publish","type":"page","link":"https:\/\/taxidemarrakech.com\/en\/casablanca\/","title":{"rendered":"Casablanca"},"content":{"rendered":"<div data-elementor-type=\"wp-page\" data-elementor-id=\"626\" class=\"elementor elementor-626\" data-elementor-post-type=\"page\">\n\t\t\t\t<div class=\"elementor-element elementor-element-c0ba830 e-flex e-con-boxed e-con e-parent\" data-id=\"c0ba830\" data-element_type=\"container\" data-e-type=\"container\" data-settings=\"{&quot;background_background&quot;:&quot;classic&quot;}\">\n\t\t\t\t\t<div class=\"e-con-inner\">\n\t\t\t\t<div class=\"elementor-element elementor-element-c39cd53 elementor-widget__width-initial elementor-widget elementor-widget-text-editor\" data-id=\"c39cd53\" data-element_type=\"widget\" data-e-type=\"widget\" data-widget_type=\"text-editor.default\">\n\t\t\t\t<div class=\"elementor-widget-container\">\n\t\t\t\t\t\t\t\t\t<p>Explore <span style=\"color: #ffffff;\"><strong>Casablanca<\/strong> <\/span>et profitez d&rsquo;un transport <span style=\"color: #ffffff;\"><strong>priv\u00e9<\/strong><\/span>, <span style=\"color: #ffffff;\"><strong>secure<\/strong> <\/span>And <span style=\"color: #ffffff;\"><strong>comfortable<\/strong> <\/span>pour rejoindre Agadir, Marrakech, Essaouira, Ouarzazate et bien d&rsquo;autres destinations. <span style=\"color: #ffffff;\"><strong>Book<\/strong> <\/span>votre voyage d\u00e8s aujourd&rsquo;hui !<\/p>\t\t\t\t\t\t\t\t<\/div>\n\t\t\t\t<\/div>\n\t\t\t\t\t<\/div>\n\t\t\t\t<\/div>\n\t\t<div class=\"elementor-element elementor-element-c2c17de e-flex e-con-boxed e-con e-parent\" data-id=\"c2c17de\" data-element_type=\"container\" data-e-type=\"container\">\n\t\t\t\t\t<div class=\"e-con-inner\">\n\t\t\t\t<div class=\"elementor-element elementor-element-f1bf463 elementor-widget elementor-widget-global elementor-global-25212 elementor-widget-html\" data-id=\"f1bf463\" data-element_type=\"widget\" data-e-type=\"widget\" data-widget_type=\"html.default\">\n\t\t\t\t<div class=\"elementor-widget-container\">\n\t\t\t\t\t <div class=\"destination-container\">\r\n      <div class=\"travel-card\">\r\n        <img decoding=\"async\"\r\n          src=\"https:\/\/taxidemarrakech.com\/wp-content\/uploads\/2025\/01\/essaouira.webp\"\r\n          alt=\"Essaouira\"\r\n          class=\"card-image\"\r\n        \/>\r\n        <div class=\"card-content\">\r\n         <div class=\"route\">\r\n  <span>Casablanca<\/span>\r\n  <div class=\"route-line\">\r\n    <span class=\"dot\"><\/span>\r\n    <span class=\"line\"><\/span>\r\n    <span class=\"dot\"><\/span>\r\n  <\/div>\r\n  <span>Essaouira<\/span>\r\n<\/div>\r\n\r\n          <div class=\"details\">\r\n            <div class=\"detail-item\">\r\n              <div class=\"detail-label\">Distance<\/div>\r\n              <div class=\"detail-value\">377 km<\/div>\r\n            <\/div>\r\n            <div class=\"detail-item\">\r\n              <div class=\"detail-label\">Duration<\/div>\r\n              <div class=\"detail-value\">4:25<\/div>\r\n            <\/div>\r\n            <div class=\"detail-item\">\r\n              <div class=\"detail-label\">Prices from<\/div>\r\n              <div class=\"detail-value\">180 Euro<\/div>\r\n            <\/div>\r\n          <\/div>\r\n          <a href=\"https:\/\/taxidemarrakech.com\/en\/casablanca-essaouira-taxi\/\" class=\"book-button\">Book now<\/a>\r\n        <\/div>\r\n      <\/div>\r\n      <div class=\"travel-card\">\r\n        <img decoding=\"async\"\r\n          src=\"https:\/\/taxidemarrakech.com\/wp-content\/uploads\/2025\/01\/agadir.webp\"\r\n          alt=\"Agadir\"\r\n          class=\"card-image\"\r\n        \/>\r\n        <div class=\"card-content\">\r\n         <div class=\"route\">\r\n  <span>Casablanca<\/span>\r\n  <div class=\"route-line\">\r\n    <span class=\"dot\"><\/span>\r\n    <span class=\"line\"><\/span>\r\n    <span class=\"dot\"><\/span>\r\n  <\/div>\r\n  <span>Agadir<\/span>\r\n<\/div>\r\n\r\n          <div class=\"details\">\r\n            <div class=\"detail-item\">\r\n              <div class=\"detail-label\">Distance<\/div>\r\n              <div class=\"detail-value\">467 km<\/div>\r\n            <\/div>\r\n            <div class=\"detail-item\">\r\n              <div class=\"detail-label\">Duration<\/div>\r\n              <div class=\"detail-value\">4:50<\/div>\r\n            <\/div>\r\n            <div class=\"detail-item\">\r\n              <div class=\"detail-label\">Prices from<\/div>\r\n              <div class=\"detail-value\">190 Euro<\/div>\r\n            <\/div>\r\n          <\/div>\r\n          <a href=\"https:\/\/taxidemarrakech.com\/en\/casablanca-agadir-taxi\/\" class=\"book-button\">Book now<\/a>\r\n        <\/div>\r\n      <\/div>\r\n      <div class=\"travel-card\">\r\n        <img decoding=\"async\"\r\n          src=\"https:\/\/taxidemarrakech.com\/wp-content\/uploads\/2025\/01\/marrakech.webp\"\r\n          alt=\"Marrakech\"\r\n          class=\"card-image\"\r\n        \/>\r\n        <div class=\"card-content\">\r\n         <div class=\"route\">\r\n  <span>Casablanca<\/span>\r\n  <div class=\"route-line\">\r\n    <span class=\"dot\"><\/span>\r\n    <span class=\"line\"><\/span>\r\n    <span class=\"dot\"><\/span>\r\n  <\/div>\r\n  <span>Marrakech<\/span>\r\n<\/div>\r\n\r\n          <div class=\"details\">\r\n            <div class=\"detail-item\">\r\n              <div class=\"detail-label\">Distance<\/div>\r\n              <div class=\"detail-value\">245 km<\/div>\r\n            <\/div>\r\n            <div class=\"detail-item\">\r\n              <div class=\"detail-label\">Duration<\/div>\r\n              <div class=\"detail-value\">2h50<\/div>\r\n            <\/div>\r\n            <div class=\"detail-item\">\r\n              <div class=\"detail-label\">Prices from<\/div>\r\n              <div class=\"detail-value\">110 Euro<\/div>\r\n            <\/div>\r\n          <\/div>\r\n          <a href=\"https:\/\/taxidemarrakech.com\/en\/casablanca-marrakech-taxi\/\" class=\"book-button\">Book now<\/a>\r\n        <\/div>\r\n      <\/div>\r\n    <\/div>\t\t\t\t<\/div>\n\t\t\t\t<\/div>\n\t\t\t\t\t<\/div>\n\t\t\t\t<\/div>\n\t\t\t\t<\/div>","protected":false},"excerpt":{"rendered":"<p>Explorez Casablanca et profitez d&rsquo;un transport priv\u00e9, s\u00e9curis\u00e9 et confortable pour rejoindre Agadir, Marrakech, Essaouira, Ouarzazate et bien d&rsquo;autres destinations. R\u00e9servez votre voyage d\u00e8s aujourd&rsquo;hui ! Casablanca Essaouira Distance 377 km Dur\u00e9e 4h25 Prix \u00e0 partir de 180 Euro R\u00e9server maintenant Casablanca Agadir Distance 467 km Dur\u00e9e 4h50 Prix \u00e0 partir de 190 Euro R\u00e9server [&hellip;]<\/p>\n","protected":false},"author":1,"featured_media":600,"parent":0,"menu_order":0,"comment_status":"closed","ping_status":"closed","template":"","meta":{"footnotes":""},"class_list":["post-626","page","type-page","status-publish","has-post-thumbnail","hentry"],"_links":{"self":[{"href":"https:\/\/taxidemarrakech.com\/en\/wp-json\/wp\/v2\/pages\/626","targetHints":{"allow":["GET"]}}],"collection":[{"href":"https:\/\/taxidemarrakech.com\/en\/wp-json\/wp\/v2\/pages"}],"about":[{"href":"https:\/\/taxidemarrakech.com\/en\/wp-json\/wp\/v2\/types\/page"}],"author":[{"embeddable":true,"href":"https:\/\/taxidemarrakech.com\/en\/wp-json\/wp\/v2\/users\/1"}],"replies":[{"embeddable":true,"href":"https:\/\/taxidemarrakech.com\/en\/wp-json\/wp\/v2\/comments?post=626"}],"version-history":[{"count":0,"href":"https:\/\/taxidemarrakech.com\/en\/wp-json\/wp\/v2\/pages\/626\/revisions"}],"wp:featuredmedia":[{"embeddable":true,"href":"https:\/\/taxidemarrakech.com\/en\/wp-json\/wp\/v2\/media\/600"}],"wp:attachment":[{"href":"https:\/\/taxidemarrakech.com\/en\/wp-json\/wp\/v2\/media?parent=626"}],"curies":[{"name":"wp","href":"https:\/\/api.w.org\/{rel}","templated":true}]}}